{"id":2,"date":"2019-11-14T20:45:17","date_gmt":"2019-11-14T19:45:17","guid":{"rendered":"http:\/\/boutique.mariejeanneammour.com\/?page_id=2"},"modified":"2019-11-25T20:42:33","modified_gmt":"2019-11-25T19:42:33","slug":"page-d-exemple","status":"publish","type":"page","link":"https:\/\/boutique.mariejeanneammour.com\/index.php\/page-d-exemple\/","title":{"rendered":"Conditions g\u00e9n\u00e9rales de vente"},"content":{"rendered":"\t\t<div data-elementor-type=\"wp-page\" data-elementor-id=\"2\" class=\"elementor elementor-2\">\n\t\t\t\t\t\t<div class=\"elementor-inner\">\n\t\t\t\t<div class=\"elementor-section-wrap\">\n\t\t\t\t\t\t\t\t\t<section class=\"elementor-section elementor-top-section elementor-element elementor-element-4e819b6 elementor-section-boxed elementor-section-height-default elementor-section-height-default\" data-id=\"4e819b6\" data-element_type=\"section\">\n\t\t\t\t\t\t<div class=\"elementor-container elementor-column-gap-default\">\n\t\t\t\t\t\t\t<div class=\"elementor-row\">\n\t\t\t\t\t<div class=\"elementor-column elementor-col-100 elementor-top-column elementor-element elementor-element-69e2f95\" data-id=\"69e2f95\" data-element_type=\"column\">\n\t\t\t<div class=\"elementor-column-wrap elementor-element-populated\">\n\t\t\t\t\t\t\t<div class=\"elementor-widget-wrap\">\n\t\t\t\t\t\t<div class=\"elementor-element elementor-element-7e4a40c elementor-widget elementor-widget-text-editor\" data-id=\"7e4a40c\" data-element_type=\"widget\" data-widget_type=\"text-editor.default\">\n\t\t\t\t<div class=\"elementor-widget-container\">\n\t\t\t\t\t\t\t\t<div class=\"elementor-text-editor elementor-clearfix\">\n\t\t\t\t<p class=\"p1\"><span class=\"s1\">Conditions G\u00e9n\u00e9rales de Vente \u2013 Particuliers<\/span><\/p>\n<p class=\"p2\"><span class=\"s1\">CGV au 27 juin 2018.<\/span><\/p>\n<p class=\"p3\"><span class=\"s1\">\u00c9diteur du site et h\u00e9bergement<\/span><\/p>\n<p class=\"p2\"><span class=\"s1\">Conform\u00e9ment \u00e0 La LOI n\u00b0 2004-575 du 21 juin 2004 pour la confiance dans l\u2019\u00e9conomie num\u00e9rique, je vous informe que ce site internet est \u00e9dit\u00e9 par Marie-Jeanne Ammour pour Cyclescapade 522232909 R.C.S. DAX Ce site est h\u00e9berg\u00e9 par OVH, SAS au capital de 10 069 020 \u20ac, RCS Lille M\u00e9tropole 424 761 419 00045 dont le si\u00e8ge social est le 2 rue Kellermann &#8211; 59100 Roubaix &#8211; France.<\/span><\/p>\n<p class=\"p3\"><span class=\"s1\">Pr\u00e9ambule :<\/span><\/p>\n<p class=\"p4\"><span class=\"s1\">Les conditions g\u00e9n\u00e9rales de vente (les \u00ab\u00a0CGV\u00a0\u00bb) ont pour but, d&rsquo;une part, d&rsquo;informer l&rsquo;acheteur sur les conditions et modalit\u00e9s dans lesquelles la vente et \u00e0 la livraison des livres command\u00e9s via le blog sont r\u00e9alis\u00e9es et, d&rsquo;autre part, de d\u00e9finir les droits et obligations des parties. Toute commande effectu\u00e9e sur le site implique l&rsquo;acceptation des CGV dont l&rsquo;acheteur reconnait explicitement avoir pris connaissance pr\u00e9alablement \u00e0 la conclusion d\u2019une commande.<\/span><\/p>\n<p class=\"p3\"><span class=\"s1\">D\u00e9finitions :<\/span><\/p>\n<p class=\"p2\"><span class=\"s1\">\u00ab\u00a0Le Site\u00a0\u00bb : d\u00e9signe https:\/\/boutique.mariejeanneammour.com \u00e9dit\u00e9 par Marie-Jeanne Ammour. Le site https:\/\/boutique.mariejeanneammour.com permet la vente des livres \u00e9crits par Marie-Jeanne Ammour directement sur le site.<\/span><\/p>\n<p class=\"p2\"><span class=\"s1\">\u00ab\u00a0Acheteur\u00a0\u00bb ou \u00ab\u00a0Utilisateur\u00a0\u00bb : d\u00e9signe toute personne physique qui utilise le Site et\/ou qui passe une Commande sur le Site.<\/span><\/p>\n<p class=\"p2\"><span class=\"s1\">\u00ab\u00a0Commande\u00a0\u00bb : d\u00e9signe tout achat valid\u00e9 par Marie-Jeanne Ammour effectu\u00e9 sur le Site par un Utilisateur ou Acheteur.<\/span><\/p>\n<p class=\"p3\"><span class=\"s1\">Droit d&rsquo;auteur :<\/span><\/p>\n<p class=\"p2\"><span class=\"s1\">Les livres vendus sur le site mariejeanneammour.com sont prot\u00e9g\u00e9s par le d\u00e9p\u00f4t d\u2019un copyright dans 163 pays. Tous les droits sont exclusivement r\u00e9serv\u00e9s \u00e0 son auteur et aucune partie de ce livre ne peut \u00eatre dupliqu\u00e9e, sous quelque forme que ce soit, sans le consentement \u00e9crit de l\u2019auteur. L&rsquo;utilisateur o\u00f9 l&rsquo;acheteur n\u2019a aucun des droits de revente, ni de diffusion, ni d\u2019utilisation de cet ouvrage sans accord pr\u00e9alable de l\u2019auteur. L&rsquo;utilisateur ou l&rsquo;acheteur ne dispose d\u2019aucun Droit de Label Priv\u00e9. Toute violation de ces termes entra\u00eenerait des poursuites \u00e0 son \u00e9gard.<\/span><\/p>\n<p class=\"p3\"><span class=\"s1\">Prise de commande :<\/span><\/p>\n<p class=\"p2\"><span class=\"s1\">L&rsquo;acheteur peut d\u00e9couvrir et s\u00e9lectionner le format de son choix sur la page d\u00e9di\u00e9e \u00e0 chaque livre ou via la boutique : https:\/\/boutique.mariejeanneammour.com\/<\/span><\/p>\n<p class=\"p2\"><span class=\"s1\">Les commandes\u00a0effectu\u00e9es sur le Site sont prises\u00a0en compte et trait\u00e9es \u00e0 la r\u00e9ception du r\u00e8glement par Marie-Jeanne Ammour.<\/span><\/p>\n<p class=\"p3\"><span class=\"s1\">Prix :<\/span><\/p>\n<p class=\"p2\"><span class=\"s1\">Sur le Site, les prix sont indiqu\u00e9s en Euros (\u20ac) et sont exon\u00e9r\u00e9s de la TVA (statut de microentreprise).\u00a0<\/span><\/p>\n<p class=\"p2\"><span class=\"s1\">Les frais de livraison sont choisis par l&rsquo;Acheteur au moment de sa commande.\u00a0<\/span><\/p>\n<p class=\"p3\"><span class=\"s1\">R\u00e8glements et facturation sur le Site :<\/span><\/p>\n<p class=\"p2\"><span class=\"s1\">Pour toute commande effectu\u00e9 sur le Site, l&rsquo;Acheteur a plusieurs choix :<\/span><\/p>\n<p class=\"p4\"><span class=\"s1\">R\u00e8glement par carte bancaire\u00a0(Carte Bleue, Visa, Mastercard, Eurocard, American Express, Diners Club) : via une page s\u00e9curis\u00e9e (syst\u00e8me Stripe). L&rsquo;Acheteur doit indiquer le num\u00e9ro de sa carte, sa date de validit\u00e9 et les trois chiffres du cryptogramme figurant au dos de celle-ci, directement dans la zone pr\u00e9vue \u00e0 cet effet (saisie s\u00e9curis\u00e9e par cryptage SSL).<\/span><\/p>\n<p class=\"p4\"><span class=\"s1\">R\u00e8glement par ch\u00e8que : le ch\u00e8que doit \u00eatre effectuer \u00e0 l&rsquo;ordre de Marie-Jeanne Ammour et envoy\u00e9 au 3 rue Henri Garcia 64340 Boucau, d\u00e8s la commande effectu\u00e9e. Si le nom figurant sur le ch\u00e8que est diff\u00e9rent du nom de la commande, vous devez indiquer le num\u00e9ro de commande avec votre courrier. L&rsquo;exp\u00e9dition de la commande se fera apr\u00e8s la r\u00e9ception du ch\u00e8que.<\/span><\/p>\n<p class=\"p4\"><span class=\"s1\">L&rsquo;Acheteur peut demander une facture en envoyant un email \u00e0 mariejeanneammour@hotmail.com<\/span><\/p>\n<p class=\"p3\"><span class=\"s1\">Envoi de la commande :<\/span><\/p>\n<p class=\"p2\"><span class=\"s1\">Pour les livres au format broch\u00e9 command\u00e9s sur le Site, les livres sont livr\u00e9s \u00e0 l&rsquo;adresse indiqu\u00e9e par l&rsquo;Acheteur lors de sa commande, entre 3 et 5 jours par le service La Poste ou Colissimo.<\/span><\/p>\n<p class=\"p2\"><span class=\"s1\">En cas de probl\u00e8me, l&rsquo;Acheteur peut contacter Marie-jeanne Ammour par mail : <a href=\"mailto:mariejeanneammour@hotmail.com\"><span class=\"s2\">mariejeanneammour@hotmail.com<\/span><\/a> muni de son num\u00e9ro de commande.<\/span><\/p>\n<p class=\"p3\"><span class=\"s1\">Conditions de retour des livres command\u00e9s sur le site<\/span><\/p>\n<p class=\"p2\"><span class=\"s1\">L&rsquo;Acheteur dispose d&rsquo;un d\u00e9lai de 14 jours francs, \u00e0 compter de la r\u00e9ception du livre command\u00e9 sur le Site pour exercer son droit de retour sans avoir \u00e0 justifier de motifs ni \u00e0 payer de p\u00e9nalit\u00e9s, \u00e0 l&rsquo;exception des frais de retour. Si le d\u00e9lai de 14 jours vient \u00e0 expirer un samedi, un dimanche ou un jour f\u00e9ri\u00e9 ou ch\u00f4m\u00e9, il est prorog\u00e9 jusqu&rsquo;au premier jour ouvrable suivant. Pass\u00e9 ce d\u00e9lai de 14 jours, le livre sera consid\u00e9r\u00e9 comme exempte de d\u00e9fauts.<\/span><\/p>\n<p class=\"p2\"><span class=\"s1\">Le livre doit \u00eatre retourn\u00e9 dans un emballage assurant sa bonne protection et doit \u00eatre confi\u00e9 \u00e0 un transporteur lui permettant de suivre le colis de retour. Dans le cas contraire, si le colis de retour exp\u00e9di\u00e9 par l&rsquo;Acheteur ne parvenait pas \u00e0 Marie-Jeanne Ammour, l&rsquo;Acheteur ne sera pas en mesure de prouver l&rsquo;exp\u00e9dition du produit \u00e0 retourner et ne pourra pas demander le remboursement de ce produit.<\/span><\/p>\n<p class=\"p2\"><span class=\"s1\">Le livre \u00e0 retourner sera envoy\u00e9 \u00e0 l&rsquo;adresse suivante : <\/span><span class=\"s3\">Marie-Jeanne Ammour 3 rue Henri Garcia 64340 Boucau <\/span><span class=\"s1\">Il devra \u00eatre accompagn\u00e9 d&rsquo;un lettre informative sur l\u2019exp\u00e9diteur contenant : <\/span><span class=\"s3\">Nom &#8211; pr\u00e9nom &#8211; adresse -num\u00e9ro de t\u00e9l\u00e9phone &#8211; num\u00e9ro de commande<\/span><span class=\"s1\">.<\/span><\/p>\n<p class=\"p2\"><span class=\"s1\">En cas d&rsquo;exercice du droit de retour, Marie-Jeanne Ammour rembourse l&rsquo;Acheteur la valeur du livre papier\u00a0achet\u00e9\u00a0apr\u00e8s r\u00e9ception du livre retourn\u00e9, dans les meilleurs d\u00e9lais et au plus tard dans les trente jours suivant la date \u00e0 laquelle ce droit a \u00e9t\u00e9 exerc\u00e9.<\/span><\/p>\n<p class=\"p2\"><span class=\"s1\">Le d\u00e9lai de retour de 14 jours pr\u00e9vu par l\u2019article L121-20 du Code de la consommation ne s\u2019applique pas \u00e0 la commande de livres num\u00e9riques. Le remboursement ou l\u2019\u00e9change n&rsquo;est donc pas possibles pour une commande de livres num\u00e9riques.<\/span><\/p>\n<p class=\"p3\"><span class=\"s1\">Donn\u00e9es personnelles :<\/span><\/p>\n<p class=\"p4\"><span class=\"s1\">Conform\u00e9ment \u00e0 la loi n\u00b0 78-17 du 6 janvier 1978 relative \u00e0 l&rsquo;informatique, aux fichiers et aux libert\u00e9s, tout Utilisateur dispose d&rsquo;un droit d&rsquo;acc\u00e8s, de rectification et d&rsquo;opposition aux donn\u00e9es personnelles le concernant transmises au Site.<br \/><br \/>L&rsquo;utilisateur peut proc\u00e9der aux modification\u00a0de ses propres donn\u00e9es personnelles sans intervention de la part de Marie-Jeanne Ammour via le lien en bas de chaque email : \u00ab\u00a0modifier votre souscription\u00a0\u00bb. L&rsquo;utilisateur peut aussi demander la\u00a0modification\u00a0de ses propres donn\u00e9es personnelles via l\u2019envoi d\u2019un mail \u00e0 mariejeanneammour@hotmail.com<br \/>De m\u00eame, l&rsquo;utilisateur\u00a0peut\u00a0se d\u00e9sinscrire \u00e0 tout moment de la r\u00e9ception d&#8217;email sans intervention de la part de Marie-jeanne Ammour via le\u00a0lien de d\u00e9sinscription\u00a0ajout\u00e9 \u00e0 chaque email \u00ab\u00a0se d\u00e9sabonner\u00a0\u00bb ou par mail \u00e0 mariejeanneammour@hotmail.com<\/span><\/p>\n<p class=\"p4\"><span class=\"s1\">Toute demande par le formulaire de contact devra \u00eatre accompagn\u00e9e de la photocopie d&rsquo;un titre d&rsquo;identit\u00e9 valable de l&rsquo;Utilisateur permettant la reconnaissance de l\u2019Utilisateur (Passeport, Carte d\u2019Identit\u00e9 Nationale, Titre de S\u00e9jour ou Permis de Conduire). Cette photocopie de Carte d\u2019Identit\u00e9 sera d\u00e9truite par Marie-jeanne Ammour sans qu\u2019aucune copie ou enregistrement n\u2019en soit fait Marie-Jeanne Ammour dispose d&rsquo;un d\u00e9lai maximal de deux mois suivant la r\u00e9ception de la demande pour y r\u00e9pondre.<\/span><\/p>\n<p class=\"p2\"><span class=\"s1\">Les donn\u00e9es personnelles des Utilisateurs sont collect\u00e9es de mani\u00e8re loyale et licite \u00e0 des fins de s\u00e9curit\u00e9, afin de respecter les obligations l\u00e9gales et r\u00e9glementaires et notamment pour lutter contre la fraude, afin d&rsquo;am\u00e9liorer le traitement et le suivi des Commandes, et afin de permettre aux Utilisateurs de recevoir les email de Marie-jeanne Ammour<\/span><\/p>\n<p class=\"p2\"><span class=\"s1\">Les donn\u00e9es \u00e0 caract\u00e8re personnel de l&rsquo;Utilisateur ne seront pas transmises \u00e0 des soci\u00e9t\u00e9s partenaires.<\/span><\/p>\n<p class=\"p3\"><span class=\"s1\">Liens hypertextes :<\/span><\/p>\n<p class=\"p2\"><span class=\"s1\">Le Site peut renvoyer \u00e0 des sites tiers, qui ne sont pas sous le contr\u00f4le de Marie-Jeanne Ammour, via des liens hypertexte ou via le nommage des sites en question. De fait, Marie-Jeanne Ammour ne peut en aucun cas \u00eatre tenu pour responsable du contenu des sites li\u00e9s et ne peut pas garantir que l&rsquo;Utilisateur soit satisfait des produits et services propos\u00e9s par ces sites tiers.<\/span><\/p>\n<p class=\"p3\"><span class=\"s1\">Avis, t\u00e9moignages :<\/span><\/p>\n<p class=\"p2\"><span class=\"s1\">Marie-jeanne Ammour accorde la possibilit\u00e9 aux utilisateurs de publier des avis et\/ou des t\u00e9moignages. Dans une telle hypoth\u00e8se, Marie-jeanne Ammour se r\u00e9serve le droit de ne pas publier ou de supprimer tout avis, t\u00e9moignage ou commentaire dont le contenu serait contraire aux lois ou aux bonnes m\u0153urs et, de mani\u00e8re g\u00e9n\u00e9rale, illicite.<\/span><\/p>\n<p class=\"p2\"><span class=\"s1\">Tout Utilisateur ayant publi\u00e9 un avis, un t\u00e9moignage ou un commentaire, accepte que Marie-Jeanne Ammour puisse en utiliser le contenu pour n&rsquo;importe quelle utilisation (publicit\u00e9, \u0153uvre d\u00e9riv\u00e9e, distribution&#8230;) et renonce gratuitement \u00e0 toute revendication patrimoniale sur ce contenu.<\/span><\/p>\n<p class=\"p3\"><span class=\"s1\">Service clients :<\/span><\/p>\n<p class=\"p2\"><span class=\"s1\">Pour toutes informations ou question, l&rsquo;acheteur ou l&rsquo;utilisateur peut contacter Marie-Jeanne Ammour par email : mariejeanneammour@hotmail.com.<\/span><\/p>\t\t\t\t\t<\/div>\n\t\t\t\t\t\t<\/div>\n\t\t\t\t<\/div>\n\t\t\t\t\t\t<\/div>\n\t\t\t\t\t<\/div>\n\t\t<\/div>\n\t\t\t\t\t\t\t\t<\/div>\n\t\t\t\t\t<\/div>\n\t\t<\/section>\n\t\t\t\t<section class=\"elementor-section elementor-top-section elementor-element elementor-element-35934c2 elementor-section-boxed elementor-section-height-default elementor-section-height-default\" data-id=\"35934c2\" data-element_type=\"section\">\n\t\t\t\t\t\t<div class=\"elementor-container elementor-column-gap-default\">\n\t\t\t\t\t\t\t<div class=\"elementor-row\">\n\t\t\t\t\t<div class=\"elementor-column elementor-col-100 elementor-top-column elementor-element elementor-element-052cc8f\" data-id=\"052cc8f\" data-element_type=\"column\">\n\t\t\t<div class=\"elementor-column-wrap elementor-element-populated\">\n\t\t\t\t\t\t\t<div class=\"elementor-widget-wrap\">\n\t\t\t\t\t\t<div class=\"elementor-element elementor-element-df647bd elementor-widget elementor-widget-text-editor\" data-id=\"df647bd\" data-element_type=\"widget\" data-widget_type=\"text-editor.default\">\n\t\t\t\t<div class=\"elementor-widget-container\">\n\t\t\t\t\t\t\t\t<div class=\"elementor-text-editor elementor-clearfix\">\n\t\t\t\t\t\t\t\t\t<\/div>\n\t\t\t\t\t\t<\/div>\n\t\t\t\t<\/div>\n\t\t\t\t\t\t<\/div>\n\t\t\t\t\t<\/div>\n\t\t<\/div>\n\t\t\t\t\t\t\t\t<\/div>\n\t\t\t\t\t<\/div>\n\t\t<\/section>\n\t\t\t\t\t\t\t\t\t<\/div>\n\t\t\t<\/div>\n\t\t\t\t\t<\/div>\n\t\t","protected":false},"excerpt":{"rendered":"<p>Conditions G\u00e9n\u00e9rales de Vente \u2013 Particuliers CGV au 27 juin 2018. \u00c9diteur du site et h\u00e9bergement Conform\u00e9ment \u00e0 La LOI n\u00b0 2004-575 du 21 juin 2004 pour la confiance dans l\u2019\u00e9conomie num\u00e9rique, je vous informe que ce site internet est \u00e9dit\u00e9 par Marie-Jeanne Ammour pour Cyclescapade 522232909 R.C.S. DAX Ce site est h\u00e9berg\u00e9 par OVH, [&hellip;]<\/p>\n","protected":false},"author":1,"featured_media":0,"parent":0,"menu_order":0,"comment_status":"closed","ping_status":"open","template":"","meta":[],"yoast_head":"<!-- This site is optimized with the Yoast SEO plugin v18.4.1 - https:\/\/yoast.com\/wordpress\/plugins\/seo\/ -->\n<title>Conditions g\u00e9n\u00e9rales de vente - Marie-Jeanne Ammour<\/title>\n<meta name=\"robots\" content=\"index, follow, max-snippet:-1, max-image-preview:large, max-video-preview:-1\" \/>\n<link rel=\"canonical\" href=\"https:\/\/boutique.mariejeanneammour.com\/index.php\/page-d-exemple\/\" \/>\n<meta property=\"og:locale\" content=\"fr_FR\" \/>\n<meta property=\"og:type\" content=\"article\" \/>\n<meta property=\"og:title\" content=\"Conditions g\u00e9n\u00e9rales de vente - Marie-Jeanne Ammour\" \/>\n<meta property=\"og:description\" content=\"Conditions G\u00e9n\u00e9rales de Vente \u2013 Particuliers CGV au 27 juin 2018. \u00c9diteur du site et h\u00e9bergement Conform\u00e9ment \u00e0 La LOI n\u00b0 2004-575 du 21 juin 2004 pour la confiance dans l\u2019\u00e9conomie num\u00e9rique, je vous informe que ce site internet est \u00e9dit\u00e9 par Marie-Jeanne Ammour pour Cyclescapade 522232909 R.C.S. DAX Ce site est h\u00e9berg\u00e9 par OVH, [&hellip;]\" \/>\n<meta property=\"og:url\" content=\"https:\/\/boutique.mariejeanneammour.com\/index.php\/page-d-exemple\/\" \/>\n<meta property=\"og:site_name\" content=\"Marie-Jeanne Ammour\" \/>\n<meta property=\"article:modified_time\" content=\"2019-11-25T19:42:33+00:00\" \/>\n<meta name=\"twitter:card\" content=\"summary_large_image\" \/>\n<meta name=\"twitter:label1\" content=\"Dur\u00e9e de lecture estim\u00e9e\" \/>\n\t<meta name=\"twitter:data1\" content=\"7 minutes\" \/>\n<script type=\"application\/ld+json\" class=\"yoast-schema-graph\">{\"@context\":\"https:\/\/schema.org\",\"@graph\":[{\"@type\":\"WebSite\",\"@id\":\"https:\/\/boutique.mariejeanneammour.com\/#website\",\"url\":\"https:\/\/boutique.mariejeanneammour.com\/\",\"name\":\"Marie-Jeanne Ammour\",\"description\":\"auteure-passeuse d&#039;histoires\",\"potentialAction\":[{\"@type\":\"SearchAction\",\"target\":{\"@type\":\"EntryPoint\",\"urlTemplate\":\"https:\/\/boutique.mariejeanneammour.com\/?s={search_term_string}\"},\"query-input\":\"required name=search_term_string\"}],\"inLanguage\":\"fr-FR\"},{\"@type\":\"WebPage\",\"@id\":\"https:\/\/boutique.mariejeanneammour.com\/index.php\/page-d-exemple\/#webpage\",\"url\":\"https:\/\/boutique.mariejeanneammour.com\/index.php\/page-d-exemple\/\",\"name\":\"Conditions g\u00e9n\u00e9rales de vente - Marie-Jeanne Ammour\",\"isPartOf\":{\"@id\":\"https:\/\/boutique.mariejeanneammour.com\/#website\"},\"datePublished\":\"2019-11-14T19:45:17+00:00\",\"dateModified\":\"2019-11-25T19:42:33+00:00\",\"breadcrumb\":{\"@id\":\"https:\/\/boutique.mariejeanneammour.com\/index.php\/page-d-exemple\/#breadcrumb\"},\"inLanguage\":\"fr-FR\",\"potentialAction\":[{\"@type\":\"ReadAction\",\"target\":[\"https:\/\/boutique.mariejeanneammour.com\/index.php\/page-d-exemple\/\"]}]},{\"@type\":\"BreadcrumbList\",\"@id\":\"https:\/\/boutique.mariejeanneammour.com\/index.php\/page-d-exemple\/#breadcrumb\",\"itemListElement\":[{\"@type\":\"ListItem\",\"position\":1,\"name\":\"Accueil\",\"item\":\"https:\/\/boutique.mariejeanneammour.com\/\"},{\"@type\":\"ListItem\",\"position\":2,\"name\":\"Conditions g\u00e9n\u00e9rales de vente\"}]}]}<\/script>\n<!-- \/ Yoast SEO plugin. -->","yoast_head_json":{"title":"Conditions g\u00e9n\u00e9rales de vente - Marie-Jeanne Ammour","robots":{"index":"index","follow":"follow","max-snippet":"max-snippet:-1","max-image-preview":"max-image-preview:large","max-video-preview":"max-video-preview:-1"},"canonical":"https:\/\/boutique.mariejeanneammour.com\/index.php\/page-d-exemple\/","og_locale":"fr_FR","og_type":"article","og_title":"Conditions g\u00e9n\u00e9rales de vente - Marie-Jeanne Ammour","og_description":"Conditions G\u00e9n\u00e9rales de Vente \u2013 Particuliers CGV au 27 juin 2018. \u00c9diteur du site et h\u00e9bergement Conform\u00e9ment \u00e0 La LOI n\u00b0 2004-575 du 21 juin 2004 pour la confiance dans l\u2019\u00e9conomie num\u00e9rique, je vous informe que ce site internet est \u00e9dit\u00e9 par Marie-Jeanne Ammour pour Cyclescapade 522232909 R.C.S. DAX Ce site est h\u00e9berg\u00e9 par OVH, [&hellip;]","og_url":"https:\/\/boutique.mariejeanneammour.com\/index.php\/page-d-exemple\/","og_site_name":"Marie-Jeanne Ammour","article_modified_time":"2019-11-25T19:42:33+00:00","twitter_card":"summary_large_image","twitter_misc":{"Dur\u00e9e de lecture estim\u00e9e":"7 minutes"},"schema":{"@context":"https:\/\/schema.org","@graph":[{"@type":"WebSite","@id":"https:\/\/boutique.mariejeanneammour.com\/#website","url":"https:\/\/boutique.mariejeanneammour.com\/","name":"Marie-Jeanne Ammour","description":"auteure-passeuse d&#039;histoires","potentialAction":[{"@type":"SearchAction","target":{"@type":"EntryPoint","urlTemplate":"https:\/\/boutique.mariejeanneammour.com\/?s={search_term_string}"},"query-input":"required name=search_term_string"}],"inLanguage":"fr-FR"},{"@type":"WebPage","@id":"https:\/\/boutique.mariejeanneammour.com\/index.php\/page-d-exemple\/#webpage","url":"https:\/\/boutique.mariejeanneammour.com\/index.php\/page-d-exemple\/","name":"Conditions g\u00e9n\u00e9rales de vente - Marie-Jeanne Ammour","isPartOf":{"@id":"https:\/\/boutique.mariejeanneammour.com\/#website"},"datePublished":"2019-11-14T19:45:17+00:00","dateModified":"2019-11-25T19:42:33+00:00","breadcrumb":{"@id":"https:\/\/boutique.mariejeanneammour.com\/index.php\/page-d-exemple\/#breadcrumb"},"inLanguage":"fr-FR","potentialAction":[{"@type":"ReadAction","target":["https:\/\/boutique.mariejeanneammour.com\/index.php\/page-d-exemple\/"]}]},{"@type":"BreadcrumbList","@id":"https:\/\/boutique.mariejeanneammour.com\/index.php\/page-d-exemple\/#breadcrumb","itemListElement":[{"@type":"ListItem","position":1,"name":"Accueil","item":"https:\/\/boutique.mariejeanneammour.com\/"},{"@type":"ListItem","position":2,"name":"Conditions g\u00e9n\u00e9rales de vente"}]}]}},"_links":{"self":[{"href":"https:\/\/boutique.mariejeanneammour.com\/index.php\/wp-json\/wp\/v2\/pages\/2"}],"collection":[{"href":"https:\/\/boutique.mariejeanneammour.com\/index.php\/wp-json\/wp\/v2\/pages"}],"about":[{"href":"https:\/\/boutique.mariejeanneammour.com\/index.php\/wp-json\/wp\/v2\/types\/page"}],"author":[{"embeddable":true,"href":"https:\/\/boutique.mariejeanneammour.com\/index.php\/wp-json\/wp\/v2\/users\/1"}],"replies":[{"embeddable":true,"href":"https:\/\/boutique.mariejeanneammour.com\/index.php\/wp-json\/wp\/v2\/comments?post=2"}],"version-history":[{"count":3,"href":"https:\/\/boutique.mariejeanneammour.com\/index.php\/wp-json\/wp\/v2\/pages\/2\/revisions"}],"predecessor-version":[{"id":102,"href":"https:\/\/boutique.mariejeanneammour.com\/index.php\/wp-json\/wp\/v2\/pages\/2\/revisions\/102"}],"wp:attachment":[{"href":"https:\/\/boutique.mariejeanneammour.com\/index.php\/wp-json\/wp\/v2\/media?parent=2"}],"curies":[{"name":"wp","href":"https:\/\/api.w.org\/{rel}","templated":true}]}}