{"id":191,"date":"2021-06-24T11:01:30","date_gmt":"2021-06-24T09:01:30","guid":{"rendered":"https:\/\/boutique.mariejeanneammour.com\/?post_type=product&#038;p=191"},"modified":"2025-04-08T09:52:43","modified_gmt":"2025-04-08T07:52:43","slug":"relier-le-coeur-des-hommes","status":"publish","type":"product","link":"https:\/\/boutique.mariejeanneammour.com\/index.php\/produit\/relier-le-coeur-des-hommes\/","title":{"rendered":"Relier le coeur des Hommes"},"content":{"rendered":"<p class=\"x_MsoPlainText\">Description : <i>livre<\/i><\/p>\n<p class=\"x_MsoPlainText\">Format ferm\u00e9 : 13 x 20 cm<\/p>\n<p class=\"x_MsoPlainText\">Impression : 372 pages noir recto\/verso sur Bouffant blanc ou naturel 80 g et couverture quadri recto sur Carte 1 face 260 g<\/p>\n<p class=\"x_MsoPlainText\" style=\"text-align: left;\">Finition : dos carr\u00e9 coll\u00e9 et pelliculage brillant recto<\/p>\n<p>&nbsp;<\/p>\n","protected":false},"excerpt":{"rendered":"<p><i>\u00ab\u00a0Ce qui est important, ce n\u2019est pas de savoir si les histoires sont vraies. Ce qui est important, c\u2019est ce qu\u2019elles rendent possible en toi\u00a0\u00bb.<\/i><\/p>\n<p><i>Haiz\u00e9a r\u00e9fl\u00e9chit quelques instants \u00e0 ce qu\u2019elle venait d\u2019entendre. Ernesto avait raison. Si elle n\u2019avait pas fait cette rencontre dans la clairi\u00e8re, elle n\u2019aurait jamais d\u00e9couvert le secret de sa grandm\u00e8re.<\/i><\/p>\n<p>Trois g\u00e9n\u00e9rations de personnages se retrouvent li\u00e9es \u00e0 un myst\u00e9rieux bois. Haiz\u00e9a, une jeune fille de 15\u00a0ans, devra d\u00e9couvrir le secret qu\u2019ils prot\u00e8gent. Un secret qui pourrait sauver le c\u0153ur des Hommes.<\/p>\n<p>&nbsp;<\/p>\n","protected":false},"featured_media":192,"comment_status":"open","ping_status":"closed","template":"","meta":[],"yoast_head":"<!-- This site is optimized with the Yoast SEO plugin v18.4.1 - https:\/\/yoast.com\/wordpress\/plugins\/seo\/ -->\n<title>Relier le coeur des Hommes - Marie-Jeanne Ammour<\/title>\n<meta name=\"robots\" content=\"index, follow, max-snippet:-1, max-image-preview:large, max-video-preview:-1\" \/>\n<link rel=\"canonical\" href=\"https:\/\/boutique.mariejeanneammour.com\/index.php\/produit\/relier-le-coeur-des-hommes\/\" \/>\n<meta property=\"og:locale\" content=\"fr_FR\" \/>\n<meta property=\"og:type\" content=\"article\" \/>\n<meta property=\"og:title\" content=\"Relier le coeur des Hommes - Marie-Jeanne Ammour\" \/>\n<meta property=\"og:description\" content=\"\u00ab\u00a0Ce qui est important, ce n\u2019est pas de savoir si les histoires sont vraies. Ce qui est important, c\u2019est ce qu\u2019elles rendent possible en toi\u00a0\u00bb.  Haiz\u00e9a r\u00e9fl\u00e9chit quelques instants \u00e0 ce qu\u2019elle venait d\u2019entendre. Ernesto avait raison. Si elle n\u2019avait pas fait cette rencontre dans la clairi\u00e8re, elle n\u2019aurait jamais d\u00e9couvert le secret de sa grandm\u00e8re.  Trois g\u00e9n\u00e9rations de personnages se retrouvent li\u00e9es \u00e0 un myst\u00e9rieux bois. Haiz\u00e9a, une jeune fille de 15\u00a0ans, devra d\u00e9couvrir le secret qu\u2019ils prot\u00e8gent. Un secret qui pourrait sauver le c\u0153ur des Hommes.  &nbsp;\" \/>\n<meta property=\"og:url\" content=\"https:\/\/boutique.mariejeanneammour.com\/index.php\/produit\/relier-le-coeur-des-hommes\/\" \/>\n<meta property=\"og:site_name\" content=\"Marie-Jeanne Ammour\" \/>\n<meta property=\"article:modified_time\" content=\"2025-04-08T07:52:43+00:00\" \/>\n<meta property=\"og:image\" content=\"https:\/\/boutique.mariejeanneammour.com\/wp-content\/uploads\/2021\/06\/Couverture-2-e1624523750602.jpg\" \/>\n\t<meta property=\"og:image:width\" content=\"827\" \/>\n\t<meta property=\"og:image:height\" content=\"1240\" \/>\n\t<meta property=\"og:image:type\" content=\"image\/jpeg\" \/>\n<meta name=\"twitter:card\" content=\"summary_large_image\" \/>\n<meta name=\"twitter:label1\" content=\"Dur\u00e9e de lecture estim\u00e9e\" \/>\n\t<meta name=\"twitter:data1\" content=\"1 minute\" \/>\n<script type=\"application\/ld+json\" class=\"yoast-schema-graph\">{\"@context\":\"https:\/\/schema.org\",\"@graph\":[{\"@type\":\"WebSite\",\"@id\":\"https:\/\/boutique.mariejeanneammour.com\/#website\",\"url\":\"https:\/\/boutique.mariejeanneammour.com\/\",\"name\":\"Marie-Jeanne Ammour\",\"description\":\"auteure-passeuse d&#039;histoires\",\"potentialAction\":[{\"@type\":\"SearchAction\",\"target\":{\"@type\":\"EntryPoint\",\"urlTemplate\":\"https:\/\/boutique.mariejeanneammour.com\/?s={search_term_string}\"},\"query-input\":\"required name=search_term_string\"}],\"inLanguage\":\"fr-FR\"},{\"@type\":\"ImageObject\",\"@id\":\"https:\/\/boutique.mariejeanneammour.com\/index.php\/produit\/relier-le-coeur-des-hommes\/#primaryimage\",\"inLanguage\":\"fr-FR\",\"url\":\"https:\/\/boutique.mariejeanneammour.com\/wp-content\/uploads\/2021\/06\/Couverture-2-e1624523750602.jpg\",\"contentUrl\":\"https:\/\/boutique.mariejeanneammour.com\/wp-content\/uploads\/2021\/06\/Couverture-2-e1624523750602.jpg\",\"width\":827,\"height\":1240},{\"@type\":\"WebPage\",\"@id\":\"https:\/\/boutique.mariejeanneammour.com\/index.php\/produit\/relier-le-coeur-des-hommes\/#webpage\",\"url\":\"https:\/\/boutique.mariejeanneammour.com\/index.php\/produit\/relier-le-coeur-des-hommes\/\",\"name\":\"Relier le coeur des Hommes - Marie-Jeanne Ammour\",\"isPartOf\":{\"@id\":\"https:\/\/boutique.mariejeanneammour.com\/#website\"},\"primaryImageOfPage\":{\"@id\":\"https:\/\/boutique.mariejeanneammour.com\/index.php\/produit\/relier-le-coeur-des-hommes\/#primaryimage\"},\"datePublished\":\"2021-06-24T09:01:30+00:00\",\"dateModified\":\"2025-04-08T07:52:43+00:00\",\"breadcrumb\":{\"@id\":\"https:\/\/boutique.mariejeanneammour.com\/index.php\/produit\/relier-le-coeur-des-hommes\/#breadcrumb\"},\"inLanguage\":\"fr-FR\",\"potentialAction\":[{\"@type\":\"ReadAction\",\"target\":[\"https:\/\/boutique.mariejeanneammour.com\/index.php\/produit\/relier-le-coeur-des-hommes\/\"]}]},{\"@type\":\"BreadcrumbList\",\"@id\":\"https:\/\/boutique.mariejeanneammour.com\/index.php\/produit\/relier-le-coeur-des-hommes\/#breadcrumb\",\"itemListElement\":[{\"@type\":\"ListItem\",\"position\":1,\"name\":\"Accueil\",\"item\":\"https:\/\/boutique.mariejeanneammour.com\/\"},{\"@type\":\"ListItem\",\"position\":2,\"name\":\"Boutique\",\"item\":\"https:\/\/boutique.mariejeanneammour.com\/index.php\/boutique\/\"},{\"@type\":\"ListItem\",\"position\":3,\"name\":\"Relier le coeur des Hommes\"}]}]}<\/script>\n<!-- \/ Yoast SEO plugin. -->","yoast_head_json":{"title":"Relier le coeur des Hommes - Marie-Jeanne Ammour","robots":{"index":"index","follow":"follow","max-snippet":"max-snippet:-1","max-image-preview":"max-image-preview:large","max-video-preview":"max-video-preview:-1"},"canonical":"https:\/\/boutique.mariejeanneammour.com\/index.php\/produit\/relier-le-coeur-des-hommes\/","og_locale":"fr_FR","og_type":"article","og_title":"Relier le coeur des Hommes - Marie-Jeanne Ammour","og_description":"\u00ab\u00a0Ce qui est important, ce n\u2019est pas de savoir si les histoires sont vraies. Ce qui est important, c\u2019est ce qu\u2019elles rendent possible en toi\u00a0\u00bb.  Haiz\u00e9a r\u00e9fl\u00e9chit quelques instants \u00e0 ce qu\u2019elle venait d\u2019entendre. Ernesto avait raison. Si elle n\u2019avait pas fait cette rencontre dans la clairi\u00e8re, elle n\u2019aurait jamais d\u00e9couvert le secret de sa grandm\u00e8re.  Trois g\u00e9n\u00e9rations de personnages se retrouvent li\u00e9es \u00e0 un myst\u00e9rieux bois. Haiz\u00e9a, une jeune fille de 15\u00a0ans, devra d\u00e9couvrir le secret qu\u2019ils prot\u00e8gent. Un secret qui pourrait sauver le c\u0153ur des Hommes.  &nbsp;","og_url":"https:\/\/boutique.mariejeanneammour.com\/index.php\/produit\/relier-le-coeur-des-hommes\/","og_site_name":"Marie-Jeanne Ammour","article_modified_time":"2025-04-08T07:52:43+00:00","og_image":[{"width":827,"height":1240,"url":"https:\/\/boutique.mariejeanneammour.com\/wp-content\/uploads\/2021\/06\/Couverture-2-e1624523750602.jpg","type":"image\/jpeg"}],"twitter_card":"summary_large_image","twitter_misc":{"Dur\u00e9e de lecture estim\u00e9e":"1 minute"},"schema":{"@context":"https:\/\/schema.org","@graph":[{"@type":"WebSite","@id":"https:\/\/boutique.mariejeanneammour.com\/#website","url":"https:\/\/boutique.mariejeanneammour.com\/","name":"Marie-Jeanne Ammour","description":"auteure-passeuse d&#039;histoires","potentialAction":[{"@type":"SearchAction","target":{"@type":"EntryPoint","urlTemplate":"https:\/\/boutique.mariejeanneammour.com\/?s={search_term_string}"},"query-input":"required name=search_term_string"}],"inLanguage":"fr-FR"},{"@type":"ImageObject","@id":"https:\/\/boutique.mariejeanneammour.com\/index.php\/produit\/relier-le-coeur-des-hommes\/#primaryimage","inLanguage":"fr-FR","url":"https:\/\/boutique.mariejeanneammour.com\/wp-content\/uploads\/2021\/06\/Couverture-2-e1624523750602.jpg","contentUrl":"https:\/\/boutique.mariejeanneammour.com\/wp-content\/uploads\/2021\/06\/Couverture-2-e1624523750602.jpg","width":827,"height":1240},{"@type":"WebPage","@id":"https:\/\/boutique.mariejeanneammour.com\/index.php\/produit\/relier-le-coeur-des-hommes\/#webpage","url":"https:\/\/boutique.mariejeanneammour.com\/index.php\/produit\/relier-le-coeur-des-hommes\/","name":"Relier le coeur des Hommes - Marie-Jeanne Ammour","isPartOf":{"@id":"https:\/\/boutique.mariejeanneammour.com\/#website"},"primaryImageOfPage":{"@id":"https:\/\/boutique.mariejeanneammour.com\/index.php\/produit\/relier-le-coeur-des-hommes\/#primaryimage"},"datePublished":"2021-06-24T09:01:30+00:00","dateModified":"2025-04-08T07:52:43+00:00","breadcrumb":{"@id":"https:\/\/boutique.mariejeanneammour.com\/index.php\/produit\/relier-le-coeur-des-hommes\/#breadcrumb"},"inLanguage":"fr-FR","potentialAction":[{"@type":"ReadAction","target":["https:\/\/boutique.mariejeanneammour.com\/index.php\/produit\/relier-le-coeur-des-hommes\/"]}]},{"@type":"BreadcrumbList","@id":"https:\/\/boutique.mariejeanneammour.com\/index.php\/produit\/relier-le-coeur-des-hommes\/#breadcrumb","itemListElement":[{"@type":"ListItem","position":1,"name":"Accueil","item":"https:\/\/boutique.mariejeanneammour.com\/"},{"@type":"ListItem","position":2,"name":"Boutique","item":"https:\/\/boutique.mariejeanneammour.com\/index.php\/boutique\/"},{"@type":"ListItem","position":3,"name":"Relier le coeur des Hommes"}]}]}},"_links":{"self":[{"href":"https:\/\/boutique.mariejeanneammour.com\/index.php\/wp-json\/wp\/v2\/product\/191"}],"collection":[{"href":"https:\/\/boutique.mariejeanneammour.com\/index.php\/wp-json\/wp\/v2\/product"}],"about":[{"href":"https:\/\/boutique.mariejeanneammour.com\/index.php\/wp-json\/wp\/v2\/types\/product"}],"replies":[{"embeddable":true,"href":"https:\/\/boutique.mariejeanneammour.com\/index.php\/wp-json\/wp\/v2\/comments?post=191"}],"wp:featuredmedia":[{"embeddable":true,"href":"https:\/\/boutique.mariejeanneammour.com\/index.php\/wp-json\/wp\/v2\/media\/192"}],"wp:attachment":[{"href":"https:\/\/boutique.mariejeanneammour.com\/index.php\/wp-json\/wp\/v2\/media?parent=191"}],"curies":[{"name":"wp","href":"https:\/\/api.w.org\/{rel}","templated":true}]}}